{"id":7758,"date":"2024-09-11T15:37:27","date_gmt":"2024-09-11T13:37:27","guid":{"rendered":"https:\/\/humawaka.com\/?post_type=product&#038;p=7758"},"modified":"2025-09-06T10:50:34","modified_gmt":"2025-09-06T08:50:34","slug":"mobilhome-3-chambres-6-couchages-cacci","status":"publish","type":"product","link":"https:\/\/humawaka.com\/en\/vente-mobil-home\/3-bedroom-mobile-home-sleeps-6-cacci\/","title":{"rendered":"Sold Mobilhome 3 Bedrooms CACCI"},"content":{"rendered":"<p>Too late, it's sold! 3-bedroom mobile home (1 double bed and 4 single beds) (4x8m) 32 m2 approx, with semi-covered terrace.<\/p>\n<p>Equipped with a gas boiler and reversible air conditioning<\/p>\n<p>It is located in the haut VAR \/ VERDON in the\u00a0 <a href=\"https:\/\/humawaka.com\/en\/\">Camping Humawaka<\/a> 3-star ZEN with snack bar, bar, heated swimming pool, canyoning .<\/p>\n<p>Initial contact by e-mail: Eric Langlois at <a href=\"mailto:camping@humawaka.com\">camping@humawaka.com<\/a><\/p>","protected":false},"excerpt":{"rendered":"<p>FOR SALE 3-bedroom mobile home (1 double bed and 4 single beds) (4x8m) 32 m2 approx, with semi-covered terrace.<\/p>\n<p>the mobile home is fully equipped with gas boiler and air conditioning<\/p>\n<p>It is located in the upper VAR \/ VERDON in the 3-star Camping Humawaka ZEN with snack bar, bar, heated pool, canyoning.<\/p>\n<p>Initial contact by e-mail: Eric Langlois at camping@humawaka.com<\/p>","protected":false},"featured_media":7759,"comment_status":"closed","ping_status":"closed","template":"","meta":[],"product_brand":[],"product_cat":[15],"product_tag":[],"class_list":{"0":"post-7758","1":"product","2":"type-product","3":"status-publish","4":"has-post-thumbnail","6":"product_cat-uncategorized","8":"first","9":"instock","10":"shipping-taxable","11":"purchasable","12":"product-type-simple"},"yoast_head":"<!-- This site is optimized with the Yoast SEO plugin v27.3 - https:\/\/yoast.com\/product\/yoast-seo-wordpress\/ -->\n<title>Vendu Mobilhome 3 Chambres CACCI | Camping Humawaka<\/title>\n<meta name=\"robots\" content=\"index, follow, max-snippet:-1, max-image-preview:large, max-video-preview:-1\" \/>\n<link rel=\"canonical\" href=\"https:\/\/humawaka.com\/en\/vente-mobil-home\/3-bedroom-mobile-home-sleeps-6-cacci\/\" \/>\n<meta property=\"og:locale\" content=\"en_GB\" \/>\n<meta property=\"og:type\" content=\"article\" \/>\n<meta property=\"og:title\" content=\"Vendu Mobilhome 3 Chambres CACCI | Camping Humawaka\" \/>\n<meta property=\"og:description\" content=\"A VENDRE Mobilhome\u00a0 \u00a03 chambres (1 lits double\u00a0 et 4 lits simples ) (4x8m) 32 m2 environ,\u00a0 avec terrasse semi-couverte.  le mobil home est\u00a0 tout \u00e9quip\u00e9 avec chaudi\u00e8re gaz et\u00a0 Climatisation  Il est situ\u00e9 dans le haut VAR \/ VERDON dans le\u00a0 Camping Humawaka 3 \u00e9toiles ZEN\u00a0 avec snack, bar, piscine chauff\u00e9e, canyoning .  Premier contact par mail : Eric Langlois\u00a0 \u00e0 camping@humawaka.com\" \/>\n<meta property=\"og:url\" content=\"https:\/\/humawaka.com\/en\/vente-mobil-home\/3-bedroom-mobile-home-sleeps-6-cacci\/\" \/>\n<meta property=\"og:site_name\" content=\"Camping Humawaka\" \/>\n<meta property=\"article:publisher\" content=\"https:\/\/www.facebook.com\/humawaka\/?locale=fr_FR\" \/>\n<meta property=\"article:modified_time\" content=\"2025-09-06T08:50:34+00:00\" \/>\n<meta property=\"og:image\" content=\"https:\/\/humawaka.com\/wp-content\/uploads\/2024\/09\/20240319_161105-1-scaled.jpg\" \/>\n\t<meta property=\"og:image:width\" content=\"2560\" \/>\n\t<meta property=\"og:image:height\" content=\"1411\" \/>\n\t<meta property=\"og:image:type\" content=\"image\/jpeg\" \/>\n<meta name=\"twitter:card\" content=\"summary_large_image\" \/>\n<meta name=\"twitter:label1\" content=\"Estimated reading time\" \/>\n\t<meta name=\"twitter:data1\" content=\"1 minute\" \/>\n<script type=\"application\/ld+json\" class=\"yoast-schema-graph\">{\"@context\":\"https:\\\/\\\/schema.org\",\"@graph\":[{\"@type\":\"WebPage\",\"@id\":\"https:\\\/\\\/humawaka.com\\\/vente-mobil-home\\\/mobilhome-3-chambres-6-couchages-cacci\\\/\",\"url\":\"https:\\\/\\\/humawaka.com\\\/vente-mobil-home\\\/mobilhome-3-chambres-6-couchages-cacci\\\/\",\"name\":\"Vendu Mobilhome 3 Chambres CACCI | Camping Humawaka\",\"isPartOf\":{\"@id\":\"https:\\\/\\\/humawaka.com\\\/#website\"},\"primaryImageOfPage\":{\"@id\":\"https:\\\/\\\/humawaka.com\\\/vente-mobil-home\\\/mobilhome-3-chambres-6-couchages-cacci\\\/#primaryimage\"},\"image\":{\"@id\":\"https:\\\/\\\/humawaka.com\\\/vente-mobil-home\\\/mobilhome-3-chambres-6-couchages-cacci\\\/#primaryimage\"},\"thumbnailUrl\":\"https:\\\/\\\/humawaka.com\\\/wp-content\\\/uploads\\\/2024\\\/09\\\/20240319_161105-1-scaled.jpg\",\"datePublished\":\"2024-09-11T13:37:27+00:00\",\"dateModified\":\"2025-09-06T08:50:34+00:00\",\"breadcrumb\":{\"@id\":\"https:\\\/\\\/humawaka.com\\\/vente-mobil-home\\\/mobilhome-3-chambres-6-couchages-cacci\\\/#breadcrumb\"},\"inLanguage\":\"en-GB\",\"potentialAction\":[{\"@type\":\"ReadAction\",\"target\":[\"https:\\\/\\\/humawaka.com\\\/vente-mobil-home\\\/mobilhome-3-chambres-6-couchages-cacci\\\/\"]}]},{\"@type\":\"ImageObject\",\"inLanguage\":\"en-GB\",\"@id\":\"https:\\\/\\\/humawaka.com\\\/vente-mobil-home\\\/mobilhome-3-chambres-6-couchages-cacci\\\/#primaryimage\",\"url\":\"https:\\\/\\\/humawaka.com\\\/wp-content\\\/uploads\\\/2024\\\/09\\\/20240319_161105-1-scaled.jpg\",\"contentUrl\":\"https:\\\/\\\/humawaka.com\\\/wp-content\\\/uploads\\\/2024\\\/09\\\/20240319_161105-1-scaled.jpg\",\"width\":2560,\"height\":1411},{\"@type\":\"BreadcrumbList\",\"@id\":\"https:\\\/\\\/humawaka.com\\\/vente-mobil-home\\\/mobilhome-3-chambres-6-couchages-cacci\\\/#breadcrumb\",\"itemListElement\":[{\"@type\":\"ListItem\",\"position\":1,\"name\":\"Accueil\",\"item\":\"https:\\\/\\\/humawaka.com\\\/\"},{\"@type\":\"ListItem\",\"position\":2,\"name\":\"Produits\",\"item\":\"https:\\\/\\\/humawaka.com\\\/shop\\\/\"},{\"@type\":\"ListItem\",\"position\":3,\"name\":\"Vendu Mobilhome 3 Chambres CACCI\"}]},{\"@type\":\"WebSite\",\"@id\":\"https:\\\/\\\/humawaka.com\\\/#website\",\"url\":\"https:\\\/\\\/humawaka.com\\\/\",\"name\":\"Camping Humawaka |\u00a0Camping Gorges Du Verdon\",\"description\":\"Camping Gorges Verdon Vars\",\"publisher\":{\"@id\":\"https:\\\/\\\/humawaka.com\\\/#organization\"},\"potentialAction\":[{\"@type\":\"SearchAction\",\"target\":{\"@type\":\"EntryPoint\",\"urlTemplate\":\"https:\\\/\\\/humawaka.com\\\/?s={search_term_string}\"},\"query-input\":{\"@type\":\"PropertyValueSpecification\",\"valueRequired\":true,\"valueName\":\"search_term_string\"}}],\"inLanguage\":\"en-GB\"},{\"@type\":\"Organization\",\"@id\":\"https:\\\/\\\/humawaka.com\\\/#organization\",\"name\":\"Camping Humawaka\",\"url\":\"https:\\\/\\\/humawaka.com\\\/\",\"logo\":{\"@type\":\"ImageObject\",\"inLanguage\":\"en-GB\",\"@id\":\"https:\\\/\\\/humawaka.com\\\/#\\\/schema\\\/logo\\\/image\\\/\",\"url\":\"https:\\\/\\\/humawaka.com\\\/wp-content\\\/uploads\\\/2024\\\/02\\\/cropped-untitled-design-20.png\",\"contentUrl\":\"https:\\\/\\\/humawaka.com\\\/wp-content\\\/uploads\\\/2024\\\/02\\\/cropped-untitled-design-20.png\",\"width\":512,\"height\":512,\"caption\":\"Camping Humawaka\"},\"image\":{\"@id\":\"https:\\\/\\\/humawaka.com\\\/#\\\/schema\\\/logo\\\/image\\\/\"},\"sameAs\":[\"https:\\\/\\\/www.facebook.com\\\/humawaka\\\/?locale=fr_FR\"]}]}<\/script>\n<!-- \/ Yoast SEO plugin. -->","yoast_head_json":{"title":"Vendu Mobilhome 3 Chambres CACCI | Camping Humawaka","robots":{"index":"index","follow":"follow","max-snippet":"max-snippet:-1","max-image-preview":"max-image-preview:large","max-video-preview":"max-video-preview:-1"},"canonical":"https:\/\/humawaka.com\/en\/vente-mobil-home\/3-bedroom-mobile-home-sleeps-6-cacci\/","og_locale":"en_GB","og_type":"article","og_title":"Vendu Mobilhome 3 Chambres CACCI | Camping Humawaka","og_description":"A VENDRE Mobilhome\u00a0 \u00a03 chambres (1 lits double\u00a0 et 4 lits simples ) (4x8m) 32 m2 environ,\u00a0 avec terrasse semi-couverte.  le mobil home est\u00a0 tout \u00e9quip\u00e9 avec chaudi\u00e8re gaz et\u00a0 Climatisation  Il est situ\u00e9 dans le haut VAR \/ VERDON dans le\u00a0 Camping Humawaka 3 \u00e9toiles ZEN\u00a0 avec snack, bar, piscine chauff\u00e9e, canyoning .  Premier contact par mail : Eric Langlois\u00a0 \u00e0 camping@humawaka.com","og_url":"https:\/\/humawaka.com\/en\/vente-mobil-home\/3-bedroom-mobile-home-sleeps-6-cacci\/","og_site_name":"Camping Humawaka","article_publisher":"https:\/\/www.facebook.com\/humawaka\/?locale=fr_FR","article_modified_time":"2025-09-06T08:50:34+00:00","og_image":[{"width":2560,"height":1411,"url":"https:\/\/humawaka.com\/wp-content\/uploads\/2024\/09\/20240319_161105-1-scaled.jpg","type":"image\/jpeg"}],"twitter_card":"summary_large_image","twitter_misc":{"Estimated reading time":"1 minute"},"schema":{"@context":"https:\/\/schema.org","@graph":[{"@type":"WebPage","@id":"https:\/\/humawaka.com\/vente-mobil-home\/mobilhome-3-chambres-6-couchages-cacci\/","url":"https:\/\/humawaka.com\/vente-mobil-home\/mobilhome-3-chambres-6-couchages-cacci\/","name":"Vendu Mobilhome 3 Chambres CACCI | Camping Humawaka","isPartOf":{"@id":"https:\/\/humawaka.com\/#website"},"primaryImageOfPage":{"@id":"https:\/\/humawaka.com\/vente-mobil-home\/mobilhome-3-chambres-6-couchages-cacci\/#primaryimage"},"image":{"@id":"https:\/\/humawaka.com\/vente-mobil-home\/mobilhome-3-chambres-6-couchages-cacci\/#primaryimage"},"thumbnailUrl":"https:\/\/humawaka.com\/wp-content\/uploads\/2024\/09\/20240319_161105-1-scaled.jpg","datePublished":"2024-09-11T13:37:27+00:00","dateModified":"2025-09-06T08:50:34+00:00","breadcrumb":{"@id":"https:\/\/humawaka.com\/vente-mobil-home\/mobilhome-3-chambres-6-couchages-cacci\/#breadcrumb"},"inLanguage":"en-GB","potentialAction":[{"@type":"ReadAction","target":["https:\/\/humawaka.com\/vente-mobil-home\/mobilhome-3-chambres-6-couchages-cacci\/"]}]},{"@type":"ImageObject","inLanguage":"en-GB","@id":"https:\/\/humawaka.com\/vente-mobil-home\/mobilhome-3-chambres-6-couchages-cacci\/#primaryimage","url":"https:\/\/humawaka.com\/wp-content\/uploads\/2024\/09\/20240319_161105-1-scaled.jpg","contentUrl":"https:\/\/humawaka.com\/wp-content\/uploads\/2024\/09\/20240319_161105-1-scaled.jpg","width":2560,"height":1411},{"@type":"BreadcrumbList","@id":"https:\/\/humawaka.com\/vente-mobil-home\/mobilhome-3-chambres-6-couchages-cacci\/#breadcrumb","itemListElement":[{"@type":"ListItem","position":1,"name":"Accueil","item":"https:\/\/humawaka.com\/"},{"@type":"ListItem","position":2,"name":"Produits","item":"https:\/\/humawaka.com\/shop\/"},{"@type":"ListItem","position":3,"name":"Vendu Mobilhome 3 Chambres CACCI"}]},{"@type":"WebSite","@id":"https:\/\/humawaka.com\/#website","url":"https:\/\/humawaka.com\/","name":"Camping Humawaka |\u00a0Camping Gorges Du Verdon","description":"Camping Gorges Verdon Vars","publisher":{"@id":"https:\/\/humawaka.com\/#organization"},"potentialAction":[{"@type":"SearchAction","target":{"@type":"EntryPoint","urlTemplate":"https:\/\/humawaka.com\/?s={search_term_string}"},"query-input":{"@type":"PropertyValueSpecification","valueRequired":true,"valueName":"search_term_string"}}],"inLanguage":"en-GB"},{"@type":"Organization","@id":"https:\/\/humawaka.com\/#organization","name":"Camping Humawaka","url":"https:\/\/humawaka.com\/","logo":{"@type":"ImageObject","inLanguage":"en-GB","@id":"https:\/\/humawaka.com\/#\/schema\/logo\/image\/","url":"https:\/\/humawaka.com\/wp-content\/uploads\/2024\/02\/cropped-untitled-design-20.png","contentUrl":"https:\/\/humawaka.com\/wp-content\/uploads\/2024\/02\/cropped-untitled-design-20.png","width":512,"height":512,"caption":"Camping Humawaka"},"image":{"@id":"https:\/\/humawaka.com\/#\/schema\/logo\/image\/"},"sameAs":["https:\/\/www.facebook.com\/humawaka\/?locale=fr_FR"]}]}},"_links":{"self":[{"href":"https:\/\/humawaka.com\/en\/wp-json\/wp\/v2\/product\/7758","targetHints":{"allow":["GET"]}}],"collection":[{"href":"https:\/\/humawaka.com\/en\/wp-json\/wp\/v2\/product"}],"about":[{"href":"https:\/\/humawaka.com\/en\/wp-json\/wp\/v2\/types\/product"}],"replies":[{"embeddable":true,"href":"https:\/\/humawaka.com\/en\/wp-json\/wp\/v2\/comments?post=7758"}],"wp:featuredmedia":[{"embeddable":true,"href":"https:\/\/humawaka.com\/en\/wp-json\/wp\/v2\/media\/7759"}],"wp:attachment":[{"href":"https:\/\/humawaka.com\/en\/wp-json\/wp\/v2\/media?parent=7758"}],"wp:term":[{"taxonomy":"product_brand","embeddable":true,"href":"https:\/\/humawaka.com\/en\/wp-json\/wp\/v2\/product_brand?post=7758"},{"taxonomy":"product_cat","embeddable":true,"href":"https:\/\/humawaka.com\/en\/wp-json\/wp\/v2\/product_cat?post=7758"},{"taxonomy":"product_tag","embeddable":true,"href":"https:\/\/humawaka.com\/en\/wp-json\/wp\/v2\/product_tag?post=7758"}],"curies":[{"name":"wp","href":"https:\/\/api.w.org\/{rel}","templated":true}]}}