{"id":7807,"date":"2025-05-25T10:11:47","date_gmt":"2025-05-25T08:11:47","guid":{"rendered":"https:\/\/humawaka.com\/?post_type=product&#038;p=7807"},"modified":"2025-05-25T10:17:14","modified_gmt":"2025-05-25T08:17:14","slug":"parcelle-pour-mobilhome-a-louer","status":"publish","type":"product","link":"https:\/\/humawaka.com\/en\/vente-mobil-home\/plot-for-mobile-home-for-rent\/","title":{"rendered":"PLOT FOR MOBILE HOME FOR RENT"},"content":{"rendered":"<p>plot for mobile home to rent in 3-star campsite from 1 March to 30 October (campsite closed November, December, January, February). 3000 Euros per year. Please contact us for more information.<\/p>","protected":false},"excerpt":{"rendered":"<p>plot for mobile home to rent in 3-star campsite from 1 March to 30 October (campsite closed November, December, January, February). 3000 Euros per year. Please contact us for more information.<\/p>","protected":false},"featured_media":6400,"comment_status":"closed","ping_status":"closed","template":"","meta":[],"product_brand":[],"product_cat":[15],"product_tag":[],"class_list":{"0":"post-7807","1":"product","2":"type-product","3":"status-publish","4":"has-post-thumbnail","6":"product_cat-uncategorized","8":"first","9":"instock","10":"shipping-taxable","11":"purchasable","12":"product-type-simple"},"yoast_head":"<!-- This site is optimized with the Yoast SEO plugin v27.4 - https:\/\/yoast.com\/product\/yoast-seo-wordpress\/ -->\n<title>PARCELLE POUR MOBILHOME \u00e0 LOUER | Camping Humawaka<\/title>\n<meta name=\"description\" content=\"parcelle pour mobil home \u00e0 louer dans camping 3 Etoiles du 1 er mars au 30 octobre ( camping ferm\u00e9 novembre, d\u00e9cembre, janvier, f\u00e9vrier) . 3000 Euros par an. merci de nous contacter pour plus d informations .\" \/>\n<meta name=\"robots\" content=\"index, follow, max-snippet:-1, max-image-preview:large, max-video-preview:-1\" \/>\n<link rel=\"canonical\" href=\"https:\/\/humawaka.com\/en\/vente-mobil-home\/plot-for-mobile-home-for-rent\/\" \/>\n<meta property=\"og:locale\" content=\"en_GB\" \/>\n<meta property=\"og:type\" content=\"article\" \/>\n<meta property=\"og:title\" content=\"PARCELLE POUR MOBILHOME \u00e0 LOUER | Camping Humawaka\" \/>\n<meta property=\"og:description\" content=\"parcelle pour mobil home \u00e0 louer dans camping 3 Etoiles du 1 er mars au 30 octobre ( camping ferm\u00e9 novembre, d\u00e9cembre, janvier, f\u00e9vrier) . 3000 Euros par an. merci de nous contacter pour plus d informations .\" \/>\n<meta property=\"og:url\" content=\"https:\/\/humawaka.com\/en\/vente-mobil-home\/plot-for-mobile-home-for-rent\/\" \/>\n<meta property=\"og:site_name\" content=\"Camping Humawaka\" \/>\n<meta property=\"article:publisher\" content=\"https:\/\/www.facebook.com\/humawaka\/?locale=fr_FR\" \/>\n<meta property=\"article:modified_time\" content=\"2025-05-25T08:17:14+00:00\" \/>\n<meta property=\"og:image\" content=\"https:\/\/humawaka.com\/wp-content\/uploads\/2024\/02\/101.webp\" \/>\n\t<meta property=\"og:image:width\" content=\"540\" \/>\n\t<meta property=\"og:image:height\" content=\"340\" \/>\n\t<meta property=\"og:image:type\" content=\"image\/webp\" \/>\n<meta name=\"twitter:card\" content=\"summary_large_image\" \/>\n<meta name=\"twitter:label1\" content=\"Estimated reading time\" \/>\n\t<meta name=\"twitter:data1\" content=\"1 minute\" \/>\n<script type=\"application\/ld+json\" class=\"yoast-schema-graph\">{\"@context\":\"https:\\\/\\\/schema.org\",\"@graph\":[{\"@type\":\"WebPage\",\"@id\":\"https:\\\/\\\/humawaka.com\\\/vente-mobil-home\\\/parcelle-pour-mobilhome-a-louer\\\/\",\"url\":\"https:\\\/\\\/humawaka.com\\\/vente-mobil-home\\\/parcelle-pour-mobilhome-a-louer\\\/\",\"name\":\"PARCELLE POUR MOBILHOME \u00e0 LOUER | Camping Humawaka\",\"isPartOf\":{\"@id\":\"https:\\\/\\\/humawaka.com\\\/#website\"},\"primaryImageOfPage\":{\"@id\":\"https:\\\/\\\/humawaka.com\\\/vente-mobil-home\\\/parcelle-pour-mobilhome-a-louer\\\/#primaryimage\"},\"image\":{\"@id\":\"https:\\\/\\\/humawaka.com\\\/vente-mobil-home\\\/parcelle-pour-mobilhome-a-louer\\\/#primaryimage\"},\"thumbnailUrl\":\"https:\\\/\\\/humawaka.com\\\/wp-content\\\/uploads\\\/2024\\\/02\\\/101.webp\",\"datePublished\":\"2025-05-25T08:11:47+00:00\",\"dateModified\":\"2025-05-25T08:17:14+00:00\",\"description\":\"parcelle pour mobil home \u00e0 louer dans camping 3 Etoiles du 1 er mars au 30 octobre ( camping ferm\u00e9 novembre, d\u00e9cembre, janvier, f\u00e9vrier) . 3000 Euros par an. merci de nous contacter pour plus d informations .\",\"breadcrumb\":{\"@id\":\"https:\\\/\\\/humawaka.com\\\/vente-mobil-home\\\/parcelle-pour-mobilhome-a-louer\\\/#breadcrumb\"},\"inLanguage\":\"en-GB\",\"potentialAction\":[{\"@type\":\"ReadAction\",\"target\":[\"https:\\\/\\\/humawaka.com\\\/vente-mobil-home\\\/parcelle-pour-mobilhome-a-louer\\\/\"]}]},{\"@type\":\"ImageObject\",\"inLanguage\":\"en-GB\",\"@id\":\"https:\\\/\\\/humawaka.com\\\/vente-mobil-home\\\/parcelle-pour-mobilhome-a-louer\\\/#primaryimage\",\"url\":\"https:\\\/\\\/humawaka.com\\\/wp-content\\\/uploads\\\/2024\\\/02\\\/101.webp\",\"contentUrl\":\"https:\\\/\\\/humawaka.com\\\/wp-content\\\/uploads\\\/2024\\\/02\\\/101.webp\",\"width\":540,\"height\":340},{\"@type\":\"BreadcrumbList\",\"@id\":\"https:\\\/\\\/humawaka.com\\\/vente-mobil-home\\\/parcelle-pour-mobilhome-a-louer\\\/#breadcrumb\",\"itemListElement\":[{\"@type\":\"ListItem\",\"position\":1,\"name\":\"Accueil\",\"item\":\"https:\\\/\\\/humawaka.com\\\/\"},{\"@type\":\"ListItem\",\"position\":2,\"name\":\"Produits\",\"item\":\"https:\\\/\\\/humawaka.com\\\/shop\\\/\"},{\"@type\":\"ListItem\",\"position\":3,\"name\":\"PARCELLE POUR MOBILHOME \u00e0 LOUER\"}]},{\"@type\":\"WebSite\",\"@id\":\"https:\\\/\\\/humawaka.com\\\/#website\",\"url\":\"https:\\\/\\\/humawaka.com\\\/\",\"name\":\"Camping Humawaka |\u00a0Camping Gorges Du Verdon\",\"description\":\"Camping Gorges Verdon Vars\",\"publisher\":{\"@id\":\"https:\\\/\\\/humawaka.com\\\/#organization\"},\"potentialAction\":[{\"@type\":\"SearchAction\",\"target\":{\"@type\":\"EntryPoint\",\"urlTemplate\":\"https:\\\/\\\/humawaka.com\\\/?s={search_term_string}\"},\"query-input\":{\"@type\":\"PropertyValueSpecification\",\"valueRequired\":true,\"valueName\":\"search_term_string\"}}],\"inLanguage\":\"en-GB\"},{\"@type\":\"Organization\",\"@id\":\"https:\\\/\\\/humawaka.com\\\/#organization\",\"name\":\"Camping Humawaka\",\"url\":\"https:\\\/\\\/humawaka.com\\\/\",\"logo\":{\"@type\":\"ImageObject\",\"inLanguage\":\"en-GB\",\"@id\":\"https:\\\/\\\/humawaka.com\\\/#\\\/schema\\\/logo\\\/image\\\/\",\"url\":\"https:\\\/\\\/humawaka.com\\\/wp-content\\\/uploads\\\/2024\\\/02\\\/cropped-untitled-design-20.png\",\"contentUrl\":\"https:\\\/\\\/humawaka.com\\\/wp-content\\\/uploads\\\/2024\\\/02\\\/cropped-untitled-design-20.png\",\"width\":512,\"height\":512,\"caption\":\"Camping Humawaka\"},\"image\":{\"@id\":\"https:\\\/\\\/humawaka.com\\\/#\\\/schema\\\/logo\\\/image\\\/\"},\"sameAs\":[\"https:\\\/\\\/www.facebook.com\\\/humawaka\\\/?locale=fr_FR\"]}]}<\/script>\n<!-- \/ Yoast SEO plugin. -->","yoast_head_json":{"title":"PARCELLE POUR MOBILHOME \u00e0 LOUER | Camping Humawaka","description":"parcelle pour mobil home \u00e0 louer dans camping 3 Etoiles du 1 er mars au 30 octobre ( camping ferm\u00e9 novembre, d\u00e9cembre, janvier, f\u00e9vrier) . 3000 Euros par an. merci de nous contacter pour plus d informations .","robots":{"index":"index","follow":"follow","max-snippet":"max-snippet:-1","max-image-preview":"max-image-preview:large","max-video-preview":"max-video-preview:-1"},"canonical":"https:\/\/humawaka.com\/en\/vente-mobil-home\/plot-for-mobile-home-for-rent\/","og_locale":"en_GB","og_type":"article","og_title":"PARCELLE POUR MOBILHOME \u00e0 LOUER | Camping Humawaka","og_description":"parcelle pour mobil home \u00e0 louer dans camping 3 Etoiles du 1 er mars au 30 octobre ( camping ferm\u00e9 novembre, d\u00e9cembre, janvier, f\u00e9vrier) . 3000 Euros par an. merci de nous contacter pour plus d informations .","og_url":"https:\/\/humawaka.com\/en\/vente-mobil-home\/plot-for-mobile-home-for-rent\/","og_site_name":"Camping Humawaka","article_publisher":"https:\/\/www.facebook.com\/humawaka\/?locale=fr_FR","article_modified_time":"2025-05-25T08:17:14+00:00","og_image":[{"width":540,"height":340,"url":"https:\/\/humawaka.com\/wp-content\/uploads\/2024\/02\/101.webp","type":"image\/webp"}],"twitter_card":"summary_large_image","twitter_misc":{"Estimated reading time":"1 minute"},"schema":{"@context":"https:\/\/schema.org","@graph":[{"@type":"WebPage","@id":"https:\/\/humawaka.com\/vente-mobil-home\/parcelle-pour-mobilhome-a-louer\/","url":"https:\/\/humawaka.com\/vente-mobil-home\/parcelle-pour-mobilhome-a-louer\/","name":"PARCELLE POUR MOBILHOME \u00e0 LOUER | Camping Humawaka","isPartOf":{"@id":"https:\/\/humawaka.com\/#website"},"primaryImageOfPage":{"@id":"https:\/\/humawaka.com\/vente-mobil-home\/parcelle-pour-mobilhome-a-louer\/#primaryimage"},"image":{"@id":"https:\/\/humawaka.com\/vente-mobil-home\/parcelle-pour-mobilhome-a-louer\/#primaryimage"},"thumbnailUrl":"https:\/\/humawaka.com\/wp-content\/uploads\/2024\/02\/101.webp","datePublished":"2025-05-25T08:11:47+00:00","dateModified":"2025-05-25T08:17:14+00:00","description":"parcelle pour mobil home \u00e0 louer dans camping 3 Etoiles du 1 er mars au 30 octobre ( camping ferm\u00e9 novembre, d\u00e9cembre, janvier, f\u00e9vrier) . 3000 Euros par an. merci de nous contacter pour plus d informations .","breadcrumb":{"@id":"https:\/\/humawaka.com\/vente-mobil-home\/parcelle-pour-mobilhome-a-louer\/#breadcrumb"},"inLanguage":"en-GB","potentialAction":[{"@type":"ReadAction","target":["https:\/\/humawaka.com\/vente-mobil-home\/parcelle-pour-mobilhome-a-louer\/"]}]},{"@type":"ImageObject","inLanguage":"en-GB","@id":"https:\/\/humawaka.com\/vente-mobil-home\/parcelle-pour-mobilhome-a-louer\/#primaryimage","url":"https:\/\/humawaka.com\/wp-content\/uploads\/2024\/02\/101.webp","contentUrl":"https:\/\/humawaka.com\/wp-content\/uploads\/2024\/02\/101.webp","width":540,"height":340},{"@type":"BreadcrumbList","@id":"https:\/\/humawaka.com\/vente-mobil-home\/parcelle-pour-mobilhome-a-louer\/#breadcrumb","itemListElement":[{"@type":"ListItem","position":1,"name":"Accueil","item":"https:\/\/humawaka.com\/"},{"@type":"ListItem","position":2,"name":"Produits","item":"https:\/\/humawaka.com\/shop\/"},{"@type":"ListItem","position":3,"name":"PARCELLE POUR MOBILHOME \u00e0 LOUER"}]},{"@type":"WebSite","@id":"https:\/\/humawaka.com\/#website","url":"https:\/\/humawaka.com\/","name":"Camping Humawaka |\u00a0Camping Gorges Du Verdon","description":"Camping Gorges Verdon Vars","publisher":{"@id":"https:\/\/humawaka.com\/#organization"},"potentialAction":[{"@type":"SearchAction","target":{"@type":"EntryPoint","urlTemplate":"https:\/\/humawaka.com\/?s={search_term_string}"},"query-input":{"@type":"PropertyValueSpecification","valueRequired":true,"valueName":"search_term_string"}}],"inLanguage":"en-GB"},{"@type":"Organization","@id":"https:\/\/humawaka.com\/#organization","name":"Camping Humawaka","url":"https:\/\/humawaka.com\/","logo":{"@type":"ImageObject","inLanguage":"en-GB","@id":"https:\/\/humawaka.com\/#\/schema\/logo\/image\/","url":"https:\/\/humawaka.com\/wp-content\/uploads\/2024\/02\/cropped-untitled-design-20.png","contentUrl":"https:\/\/humawaka.com\/wp-content\/uploads\/2024\/02\/cropped-untitled-design-20.png","width":512,"height":512,"caption":"Camping Humawaka"},"image":{"@id":"https:\/\/humawaka.com\/#\/schema\/logo\/image\/"},"sameAs":["https:\/\/www.facebook.com\/humawaka\/?locale=fr_FR"]}]}},"_links":{"self":[{"href":"https:\/\/humawaka.com\/en\/wp-json\/wp\/v2\/product\/7807","targetHints":{"allow":["GET"]}}],"collection":[{"href":"https:\/\/humawaka.com\/en\/wp-json\/wp\/v2\/product"}],"about":[{"href":"https:\/\/humawaka.com\/en\/wp-json\/wp\/v2\/types\/product"}],"replies":[{"embeddable":true,"href":"https:\/\/humawaka.com\/en\/wp-json\/wp\/v2\/comments?post=7807"}],"wp:featuredmedia":[{"embeddable":true,"href":"https:\/\/humawaka.com\/en\/wp-json\/wp\/v2\/media\/6400"}],"wp:attachment":[{"href":"https:\/\/humawaka.com\/en\/wp-json\/wp\/v2\/media?parent=7807"}],"wp:term":[{"taxonomy":"product_brand","embeddable":true,"href":"https:\/\/humawaka.com\/en\/wp-json\/wp\/v2\/product_brand?post=7807"},{"taxonomy":"product_cat","embeddable":true,"href":"https:\/\/humawaka.com\/en\/wp-json\/wp\/v2\/product_cat?post=7807"},{"taxonomy":"product_tag","embeddable":true,"href":"https:\/\/humawaka.com\/en\/wp-json\/wp\/v2\/product_tag?post=7807"}],"curies":[{"name":"wp","href":"https:\/\/api.w.org\/{rel}","templated":true}]}}